{"id":946,"date":"2022-03-07T10:47:48","date_gmt":"2022-03-07T09:47:48","guid":{"rendered":"https:\/\/www.kvalitasedlcany.cz\/?page_id=946"},"modified":"2022-03-07T10:58:01","modified_gmt":"2022-03-07T09:58:01","slug":"provozni-laborator","status":"publish","type":"page","link":"https:\/\/www.kvalitasedlcany.cz\/?page_id=946","title":{"rendered":"Provozn\u00ed laborato\u0159"},"content":{"rendered":"\n<p>\u0158e\u0161\u00edte pot\u0159ebu anal\u00fdz va\u0161ich v\u00fdrobk\u016f a rychlost, s jakou z\u00edsk\u00e1te v\u00fdsledky z extern\u00ed laborato\u0159e je pro V\u00e1s nedostate\u010dn\u00e1? Potom je mo\u017en\u00e1 ta spr\u00e1vn\u00e1 doba pod\u00edvat se na to, jestli to nejde \u0159e\u0161it \u010d\u00e1ste\u010dn\u011b i u v\u00e1s, na m\u00edst\u011b.<\/p>\n\n\n\n<p>S \u010d\u00edm V\u00e1m mohu pomoci:<\/p>\n\n\n\n<ul id=\"block-99f38471-ba6e-41cb-b9a4-4f2ba8ef1960\"><li>spole\u010dn\u011b se pod\u00edv\u00e1me na to, zda vlastn\u00ed provozn\u00ed laborato\u0159 je tou spr\u00e1vnou volbou pro v\u00e1s. Tzn. pod\u00edv\u00e1me se na va\u0161e pot\u0159eby &#8211; kter\u00e9 parametry pot\u0159ebujete sledovat, jak\u00e1 je cena a rychlost dod\u00e1n\u00ed v\u00fdsledk\u016f v p\u0159\u00edpad\u011b zad\u00e1n\u00ed do extern\u00ed laborato\u0159e. V kontextu s t\u00edm se pod\u00edv\u00e1me na to, jak\u00e9 by byly minim\u00e1ln\u00ed vstupy na po\u0159\u00edzen\u00ed z\u00e1kladn\u00edho, p\u0159\u00edpadn\u011b roz\u0161\u00ed\u0159en\u00e9ho vybaven\u00ed a n\u00e1klady na spot\u0159ebn\u00ed materi\u00e1l, p\u0159\u00edpadn\u011b obsluhu.<\/li><li>v\u00fdb\u011br vhodn\u00e9ho m\u00edsta pro provozn\u00ed laborato\u0159 a z\u00e1kladn\u00ed pot\u0159eby na prostor<\/li><li>v\u00fdb\u011br z\u00e1kladn\u00edho vybaven\u00ed, pom\u016fcek a spot\u0159ebn\u00edho materi\u00e1lu<\/li><li>tvorba pracovn\u00edch instrukc\u00ed k dan\u00fdm metod\u00e1m, formul\u00e1\u0159\u016f na z\u00e1znam<\/li><li>interpretace v\u00fdsledk\u016f a podpora p\u0159i \u0159e\u0161en\u00ed n\u00e1pravn\u00fdch opat\u0159en\u00ed<\/li><\/ul>\n\n\n\n<p><\/p>\n","protected":false},"excerpt":{"rendered":"<p>\u0158e\u0161\u00edte pot\u0159ebu anal\u00fdz va\u0161ich v\u00fdrobk\u016f a rychlost, s jakou z\u00edsk\u00e1te v\u00fdsledky z extern\u00ed laborato\u0159e je pro V\u00e1s nedostate\u010dn\u00e1? Potom je mo\u017en\u00e1 ta spr\u00e1vn\u00e1 doba pod\u00edvat se na to, jestli to nejde \u0159e\u0161it \u010d\u00e1ste\u010dn\u011b i u v\u00e1s, na m\u00edst\u011b. S \u010d\u00edm<\/p>\n","protected":false},"author":1,"featured_media":948,"parent":0,"menu_order":0,"comment_status":"closed","ping_status":"closed","template":"","meta":[],"_links":{"self":[{"href":"https:\/\/www.kvalitasedlcany.cz\/index.php?rest_route=\/wp\/v2\/pages\/946"}],"collection":[{"href":"https:\/\/www.kvalitasedlcany.cz\/index.php?rest_route=\/wp\/v2\/pages"}],"about":[{"href":"https:\/\/www.kvalitasedlcany.cz\/index.php?rest_route=\/wp\/v2\/types\/page"}],"author":[{"embeddable":true,"href":"https:\/\/www.kvalitasedlcany.cz\/index.php?rest_route=\/wp\/v2\/users\/1"}],"replies":[{"embeddable":true,"href":"https:\/\/www.kvalitasedlcany.cz\/index.php?rest_route=%2Fwp%2Fv2%2Fcomments&post=946"}],"version-history":[{"count":1,"href":"https:\/\/www.kvalitasedlcany.cz\/index.php?rest_route=\/wp\/v2\/pages\/946\/revisions"}],"predecessor-version":[{"id":947,"href":"https:\/\/www.kvalitasedlcany.cz\/index.php?rest_route=\/wp\/v2\/pages\/946\/revisions\/947"}],"wp:featuredmedia":[{"embeddable":true,"href":"https:\/\/www.kvalitasedlcany.cz\/index.php?rest_route=\/wp\/v2\/media\/948"}],"wp:attachment":[{"href":"https:\/\/www.kvalitasedlcany.cz\/index.php?rest_route=%2Fwp%2Fv2%2Fmedia&parent=946"}],"curies":[{"name":"wp","href":"https:\/\/api.w.org\/{rel}","templated":true}]}}