{"id":766,"date":"2019-09-12T11:58:22","date_gmt":"2019-09-12T09:58:22","guid":{"rendered":"https:\/\/www.kvalitasedlcany.cz\/?page_id=766"},"modified":"2020-08-31T10:09:10","modified_gmt":"2020-08-31T08:09:10","slug":"metrologie","status":"publish","type":"page","link":"https:\/\/www.kvalitasedlcany.cz\/?page_id=766","title":{"rendered":"Metrologie"},"content":{"rendered":"\n<p>metrologie se uplat\u0148uje v podstat\u011b ve v\u0161ech odv\u011btv\u00edch v\u00fdroby, v\u011bdy, zdravotnictv\u00ed nebo hospod\u00e1\u0159stv\u00ed. P\u0159esn\u00e9 m\u011b\u0159en\u00ed je podm\u00ednkou pro kvalitu v\u00fdroby v\u0161eho druhu a v obchod\u011b je nezbytn\u00e9 p\u0159i sm\u011bn\u011b\/prodeji zbo\u017e\u00ed. V potravin\u00e1\u0159stv\u00ed je nav\u00edc ned\u00edlnou sou\u010d\u00e1st\u00ed zabezpe\u010den\u00ed zdravotn\u00ed nez\u00e1vadnosti potravin.<\/p>\n\n\n\n<p>Co V\u00e1m mohu nab\u00eddnout v t\u00e9to oblasti?<\/p>\n\n\n\n<ul><li>ozna\u010den\u00ed m\u011b\u0159idel a sledov\u00e1n\u00ed platnosti kalibrac\u00ed<\/li><li>zajistit kalibraci nebo ov\u011b\u0159en\u00ed u stanoven\u00fdch m\u011b\u0159idel<\/li><li>vypracov\u00e1n\u00ed kalibra\u010dn\u00edho \u0159\u00e1du<\/li><\/ul>\n","protected":false},"excerpt":{"rendered":"<p>metrologie se uplat\u0148uje v podstat\u011b ve v\u0161ech odv\u011btv\u00edch v\u00fdroby, v\u011bdy, zdravotnictv\u00ed nebo hospod\u00e1\u0159stv\u00ed. P\u0159esn\u00e9 m\u011b\u0159en\u00ed je podm\u00ednkou pro kvalitu v\u00fdroby v\u0161eho druhu a v obchod\u011b je nezbytn\u00e9 p\u0159i sm\u011bn\u011b\/prodeji zbo\u017e\u00ed. V potravin\u00e1\u0159stv\u00ed je nav\u00edc ned\u00edlnou sou\u010d\u00e1st\u00ed zabezpe\u010den\u00ed zdravotn\u00ed nez\u00e1vadnosti potravin.<\/p>\n","protected":false},"author":1,"featured_media":0,"parent":0,"menu_order":0,"comment_status":"closed","ping_status":"closed","template":"","meta":[],"_links":{"self":[{"href":"https:\/\/www.kvalitasedlcany.cz\/index.php?rest_route=\/wp\/v2\/pages\/766"}],"collection":[{"href":"https:\/\/www.kvalitasedlcany.cz\/index.php?rest_route=\/wp\/v2\/pages"}],"about":[{"href":"https:\/\/www.kvalitasedlcany.cz\/index.php?rest_route=\/wp\/v2\/types\/page"}],"author":[{"embeddable":true,"href":"https:\/\/www.kvalitasedlcany.cz\/index.php?rest_route=\/wp\/v2\/users\/1"}],"replies":[{"embeddable":true,"href":"https:\/\/www.kvalitasedlcany.cz\/index.php?rest_route=%2Fwp%2Fv2%2Fcomments&post=766"}],"version-history":[{"count":3,"href":"https:\/\/www.kvalitasedlcany.cz\/index.php?rest_route=\/wp\/v2\/pages\/766\/revisions"}],"predecessor-version":[{"id":775,"href":"https:\/\/www.kvalitasedlcany.cz\/index.php?rest_route=\/wp\/v2\/pages\/766\/revisions\/775"}],"wp:attachment":[{"href":"https:\/\/www.kvalitasedlcany.cz\/index.php?rest_route=%2Fwp%2Fv2%2Fmedia&parent=766"}],"curies":[{"name":"wp","href":"https:\/\/api.w.org\/{rel}","templated":true}]}}