{"id":727,"date":"2019-08-06T08:53:56","date_gmt":"2019-08-06T06:53:56","guid":{"rendered":"https:\/\/www.kvalitasedlcany.cz\/?page_id=727"},"modified":"2020-10-26T20:02:30","modified_gmt":"2020-10-26T19:02:30","slug":"skoleni-hygienickeho-minima","status":"publish","type":"page","link":"https:\/\/www.kvalitasedlcany.cz\/?page_id=727","title":{"rendered":"\u0160kolen\u00ed hygienick\u00e9ho minima"},"content":{"rendered":"\n<p>Vytvo\u0159\u00edm pro V\u00e1\u0161 provoz \u0161kolen\u00ed hygienick\u00e9ho minima na m\u00edru.<\/p>\n\n\n\n<p>Sou\u010d\u00e1st\u00ed \u0161kolen\u00ed \u016f\u017ee b\u00fdt i spr\u00e1vn\u00e1 v\u00fdrobn\u00ed praxe, syst\u00e9m kritick\u00fdch bod\u016f, bezpe\u010dnost potravin.<\/p>\n\n\n\n<p>Pravideln\u011b (dle po\u017eadavk\u016f) pro\u0161kol\u00edm zam\u011bstnance.<\/p>\n","protected":false},"excerpt":{"rendered":"<p>Vytvo\u0159\u00edm pro V\u00e1\u0161 provoz \u0161kolen\u00ed hygienick\u00e9ho minima na m\u00edru. Sou\u010d\u00e1st\u00ed \u0161kolen\u00ed \u016f\u017ee b\u00fdt i spr\u00e1vn\u00e1 v\u00fdrobn\u00ed praxe, syst\u00e9m kritick\u00fdch bod\u016f, bezpe\u010dnost potravin. Pravideln\u011b (dle po\u017eadavk\u016f) pro\u0161kol\u00edm zam\u011bstnance.<\/p>\n","protected":false},"author":1,"featured_media":0,"parent":0,"menu_order":0,"comment_status":"closed","ping_status":"closed","template":"","meta":[],"_links":{"self":[{"href":"https:\/\/www.kvalitasedlcany.cz\/index.php?rest_route=\/wp\/v2\/pages\/727"}],"collection":[{"href":"https:\/\/www.kvalitasedlcany.cz\/index.php?rest_route=\/wp\/v2\/pages"}],"about":[{"href":"https:\/\/www.kvalitasedlcany.cz\/index.php?rest_route=\/wp\/v2\/types\/page"}],"author":[{"embeddable":true,"href":"https:\/\/www.kvalitasedlcany.cz\/index.php?rest_route=\/wp\/v2\/users\/1"}],"replies":[{"embeddable":true,"href":"https:\/\/www.kvalitasedlcany.cz\/index.php?rest_route=%2Fwp%2Fv2%2Fcomments&post=727"}],"version-history":[{"count":2,"href":"https:\/\/www.kvalitasedlcany.cz\/index.php?rest_route=\/wp\/v2\/pages\/727\/revisions"}],"predecessor-version":[{"id":913,"href":"https:\/\/www.kvalitasedlcany.cz\/index.php?rest_route=\/wp\/v2\/pages\/727\/revisions\/913"}],"wp:attachment":[{"href":"https:\/\/www.kvalitasedlcany.cz\/index.php?rest_route=%2Fwp%2Fv2%2Fmedia&parent=727"}],"curies":[{"name":"wp","href":"https:\/\/api.w.org\/{rel}","templated":true}]}}