{"id":572,"date":"2019-07-12T16:02:20","date_gmt":"2019-07-12T14:02:20","guid":{"rendered":"https:\/\/www.kvalitasedlcany.cz\/?page_id=572"},"modified":"2020-10-26T20:05:57","modified_gmt":"2020-10-26T19:05:57","slug":"ifs","status":"publish","type":"page","link":"https:\/\/www.kvalitasedlcany.cz\/?page_id=572","title":{"rendered":"IFS"},"content":{"rendered":"\n<p>IFS=International Food Standard<\/p>\n\n\n\n<p><\/p>\n\n\n\n<p>Standard\u016f IFS je dnes ji\u017e n\u011bkolik. C\u00edlem v\u0161ech je zajistit, \u017ee firmy, certifikovan\u00e9 IFS budou produkovat produkty, nebo poskytovat slu\u017eby, kter\u00e9 jsou v souladu se specifikacemi a kter\u00e9 budou neust\u00e1le pracovat na zlep\u0161ov\u00e1n\u00ed.<\/p>\n\n\n\n<p>IFS bylo zalo\u017eeno v roce 2003 pod n\u00e1zvem International Food Standard. Od t\u00e9 doby spole\u010dnost, kter\u00e1 m\u00e1 ro\u010dn\u00ed n\u00e1r\u016fst 10,9% roz\u0161\u00ed\u0159ila sv\u016fj okruh o dal\u0161\u00edch 6 standard\u016f.<\/p>\n\n\n\n<p><\/p>\n\n\n\n<p>Co V\u00e1m mohu nab\u00eddnout:<\/p>\n\n\n\n<p>Pokud se rozhodnete, \u017ee je pro V\u00e1s certifik\u00e1t IFS d\u016fle\u017eit\u00fd, mohu V\u00e1m pomoci s v\u00fdb\u011brem certifika\u010dn\u00ed spole\u010dnosti. Pomohu V\u00e1m tak\u00e9 s p\u0159\u00edpravou na certifika\u010dn\u00ed audit.<\/p>\n\n\n\n<p><\/p>\n","protected":false},"excerpt":{"rendered":"<p>IFS=International Food Standard Standard\u016f IFS je dnes ji\u017e n\u011bkolik. C\u00edlem v\u0161ech je zajistit, \u017ee firmy, certifikovan\u00e9 IFS budou produkovat produkty, nebo poskytovat slu\u017eby, kter\u00e9 jsou v souladu se specifikacemi a kter\u00e9 budou neust\u00e1le pracovat na zlep\u0161ov\u00e1n\u00ed. IFS bylo zalo\u017eeno v<\/p>\n","protected":false},"author":1,"featured_media":780,"parent":0,"menu_order":0,"comment_status":"closed","ping_status":"closed","template":"","meta":[],"_links":{"self":[{"href":"https:\/\/www.kvalitasedlcany.cz\/index.php?rest_route=\/wp\/v2\/pages\/572"}],"collection":[{"href":"https:\/\/www.kvalitasedlcany.cz\/index.php?rest_route=\/wp\/v2\/pages"}],"about":[{"href":"https:\/\/www.kvalitasedlcany.cz\/index.php?rest_route=\/wp\/v2\/types\/page"}],"author":[{"embeddable":true,"href":"https:\/\/www.kvalitasedlcany.cz\/index.php?rest_route=\/wp\/v2\/users\/1"}],"replies":[{"embeddable":true,"href":"https:\/\/www.kvalitasedlcany.cz\/index.php?rest_route=%2Fwp%2Fv2%2Fcomments&post=572"}],"version-history":[{"count":7,"href":"https:\/\/www.kvalitasedlcany.cz\/index.php?rest_route=\/wp\/v2\/pages\/572\/revisions"}],"predecessor-version":[{"id":914,"href":"https:\/\/www.kvalitasedlcany.cz\/index.php?rest_route=\/wp\/v2\/pages\/572\/revisions\/914"}],"wp:featuredmedia":[{"embeddable":true,"href":"https:\/\/www.kvalitasedlcany.cz\/index.php?rest_route=\/wp\/v2\/media\/780"}],"wp:attachment":[{"href":"https:\/\/www.kvalitasedlcany.cz\/index.php?rest_route=%2Fwp%2Fv2%2Fmedia&parent=572"}],"curies":[{"name":"wp","href":"https:\/\/api.w.org\/{rel}","templated":true}]}}