{"id":469,"date":"2019-06-25T21:53:01","date_gmt":"2019-06-25T19:53:01","guid":{"rendered":"https:\/\/www.kvalitasedlcany.cz\/?page_id=469"},"modified":"2022-03-07T10:23:05","modified_gmt":"2022-03-07T09:23:05","slug":"sluzby","status":"publish","type":"page","link":"https:\/\/www.kvalitasedlcany.cz\/?page_id=469","title":{"rendered":"Slu\u017eby"},"content":{"rendered":"\n<p>Nem\u00e1te prostor a \u010das, \u0159e\u0161it m\u011bn\u00edc\u00ed se legislativn\u00ed po\u017eadavky? Nechcete zam\u011bstn\u00e1vat dal\u0161\u00edho \u010dlov\u011bka na pln\u00fd \u00favazek pouze na kvalitu? Nechcete podporovat obrovsk\u00e9 poradensk\u00e9 spole\u010dnosti a \u017eivit n\u011bkolik jednatel\u016f, obchodn\u00edch z\u00e1stupc\u016f? Z\u00e1le\u017e\u00ed V\u00e1m na udr\u017een\u00ed lok\u00e1ln\u00edch firem? Mo\u017en\u00e1 jsem tu pr\u00e1v\u011b pro V\u00e1s.<\/p>\n\n\n\n<p>Co V\u00e1m mohu nab\u00eddnout:<\/p>\n\n\n\n<ul><li>Vst\u0159\u00edcn\u00fd p\u0159\u00edstup <\/li><li>Nez\u00e1visl\u00fd pohled na provozn\u00ed kvalitu. Mohu pro V\u00e1s prov\u00e1d\u011bt pravideln\u00e9 intern\u00ed audity, kter\u00e9 slou\u017e\u00ed k udr\u017eov\u00e1n\u00ed provozn\u00ed kvality a p\u0159edev\u0161\u00edm pom\u00e1haj\u00ed p\u0159edch\u00e1zet v\u011bt\u0161\u00edm probl\u00e9m\u016fm, kter\u00e9 ne\u010dek\u00e1te.<\/li><li>Tvorbu a spr\u00e1vu dokumentace\/ISO<\/li><li>Tvorbu a spr\u00e1vu syst\u00e9mu HACCP<\/li><li>\u0160kolen\u00ed hygienick\u00e9ho minima na m\u00edru Va\u0161emu procesu<\/li><li>Podporu p\u0159i \u0159e\u0161en\u00ed kvality pitn\u00e9 vody<\/li><li>Podporu p\u0159i vzorkov\u00e1n\u00ed a komunikaci s akreditovan\u00fdmi laborato\u0159emi<\/li><li>P\u0159\u00edpravu na extern\u00ed audity (a\u0165 ji\u017e certifika\u010dn\u00ed, nebo dodavatelsko-odb\u011bratelsk\u00e9)<\/li><li>Zaveden\u00ed a udr\u017eov\u00e1n\u00ed metrologick\u00e9ho \u0159\u00e1du.<\/li><li>Podporu p\u0159i \u0159e\u0161en\u00ed po\u017eadavk\u016f na obaly a zna\u010den\u00ed (obsah etiket).<\/li><li>Tvorbu reklama\u010dn\u00edho \u0159\u00e1du, spr\u00e1vu reklamac\u00ed, v\u010detn\u011b n\u00e1pravn\u00fdch opat\u0159en\u00ed.<\/li><li>N\u00e1vrhy na \u0159e\u0161en\u00ed z\u00f3n ve va\u0161em provoze<\/li><li>V\u00fdb\u011br z\u00e1kladn\u00edho i roz\u0161\u00ed\u0159en\u00e9ho vybaven\u00ed provozn\u00ed laborato\u0159e.<\/li><\/ul>\n","protected":false},"excerpt":{"rendered":"<p>Nem\u00e1te prostor a \u010das, \u0159e\u0161it m\u011bn\u00edc\u00ed se legislativn\u00ed po\u017eadavky? Nechcete zam\u011bstn\u00e1vat dal\u0161\u00edho \u010dlov\u011bka na pln\u00fd \u00favazek pouze na kvalitu? Nechcete podporovat obrovsk\u00e9 poradensk\u00e9 spole\u010dnosti a \u017eivit n\u011bkolik jednatel\u016f, obchodn\u00edch z\u00e1stupc\u016f? Z\u00e1le\u017e\u00ed V\u00e1m na udr\u017een\u00ed lok\u00e1ln\u00edch firem? Mo\u017en\u00e1 jsem tu pr\u00e1v\u011b<\/p>\n","protected":false},"author":1,"featured_media":0,"parent":0,"menu_order":0,"comment_status":"closed","ping_status":"closed","template":"","meta":[],"_links":{"self":[{"href":"https:\/\/www.kvalitasedlcany.cz\/index.php?rest_route=\/wp\/v2\/pages\/469"}],"collection":[{"href":"https:\/\/www.kvalitasedlcany.cz\/index.php?rest_route=\/wp\/v2\/pages"}],"about":[{"href":"https:\/\/www.kvalitasedlcany.cz\/index.php?rest_route=\/wp\/v2\/types\/page"}],"author":[{"embeddable":true,"href":"https:\/\/www.kvalitasedlcany.cz\/index.php?rest_route=\/wp\/v2\/users\/1"}],"replies":[{"embeddable":true,"href":"https:\/\/www.kvalitasedlcany.cz\/index.php?rest_route=%2Fwp%2Fv2%2Fcomments&post=469"}],"version-history":[{"count":9,"href":"https:\/\/www.kvalitasedlcany.cz\/index.php?rest_route=\/wp\/v2\/pages\/469\/revisions"}],"predecessor-version":[{"id":944,"href":"https:\/\/www.kvalitasedlcany.cz\/index.php?rest_route=\/wp\/v2\/pages\/469\/revisions\/944"}],"wp:attachment":[{"href":"https:\/\/www.kvalitasedlcany.cz\/index.php?rest_route=%2Fwp%2Fv2%2Fmedia&parent=469"}],"curies":[{"name":"wp","href":"https:\/\/api.w.org\/{rel}","templated":true}]}}