{"id":430,"date":"2014-02-07T16:21:34","date_gmt":"2014-02-07T15:21:34","guid":{"rendered":"http:\/\/demo.themegrill.com\/spacious\/?page_id=2"},"modified":"2026-02-24T19:23:15","modified_gmt":"2026-02-24T18:23:15","slug":"sample-page","status":"publish","type":"page","link":"https:\/\/www.kvalitasedlcany.cz\/?page_id=430","title":{"rendered":"Znalosti, certifik\u00e1ty"},"content":{"rendered":"<p><em><strong>Odborn\u00e9 znalosti:<\/strong><\/em><\/p>\n<p>ISO 22000, IFS a obrana potravin, HACCP, legislativn\u00ed po\u017eadavky na potravin\u00e1\u0159sk\u00e9 provozy, kvalitu pitn\u00e9 vody, intern\u00ed audity, mikrobiologick\u00e9 a fyzik\u00e1ln\u011b chemick\u00e9 anal\u00fdzy potravin a vody&#8230;<\/p>\n<p>Dal\u0161\u00ed:<\/p>\n<p>Word, Excel, PowerPoint na expertn\u00ed \u00farovni. Samoz\u0159ejmost\u00ed je pr\u00e1ce s internetem a nov\u011b tak\u00e9 tvorba webov\u00fdch str\u00e1nek v syst\u00e9mech WordPress a Elementor.<\/p>\n<p><em><strong>Absolvovan\u00e1 \u0161kolen\u00ed:<\/strong><\/em><\/p>\n<ul>\n<li>15.11.2006\u00a0 &#8211; Hygienick\u00e9 z\u00e1sady p\u0159i zpracov\u00e1n\u00ed \u017eivo\u010di\u0161n\u00fdch produkt\u016f a v\u00fdrob\u011b bezpe\u010dn\u00fdch potravin<\/li>\n<li>20.3.2007\u00a0 \u00a0&#8211;\u00a0 \u00a0Excel pro pokro\u010dil\u00e9<\/li>\n<li>10.1.2009\u00a0 \u00a0&#8211;\u00a0 \u00a0Strojnick\u00fd kurz<\/li>\n<li>10.6.2010\u00a0 \u00a0&#8211;\u00a0 \u00a0Hygienick\u00e9 z\u00e1sady pro provozovatele potravin\u00e1\u0159sk\u00fdch podnik\u016f zpracov\u00e1vaj\u00edc\u00edch \u017eivo\u010di\u0161n\u00e9 produkty<\/li>\n<li>23.5.2012\u00a0 \u00a0&#8211;\u00a0 \u00a0Syst\u00e9m HACCP, audit syst\u00e9mu<\/li>\n<li>7.2.2013\u00a0 \u00a0&#8211;\u00a0 \u00a0 \u00a0 IFS Food verze 6<\/li>\n<li>17.4.2013\u00a0 \u00a0&#8211;\u00a0 \u00a0Monitoring prost\u0159ed\u00ed laborato\u0159e a po\u017eadavky na jej\u00ed vybaven\u00ed<\/li>\n<li>21.4.2015\u00a0 \u00a0&#8211;\u00a0 \u00a0Udr\u017eov\u00e1n\u00ed syst\u00e9mu HACCP<\/li>\n<\/ul>\n<ul>\n<li>\u00a08.6.2016\u00a0 \u00a0 \u00a0&#8211;\u00a0 \u00a0Syst\u00e9m HACCP, \u00farove\u0148 pro pokro\u010dil\u00e9<\/li>\n<li>20.9.2017\u00a0 \u00a0&#8211;\u00a0 \u00a0Intern\u00ed auditor managementu kvality a bezpe\u010dnosti potravin<\/li>\n<li>15.5.2018\u00a0 \u00a0&#8211;\u00a0 \u00a0Po\u017eadavky HACCP ve v\u00fdrob\u011b potravin<\/li>\n<li>10.6.2021\u00a0 \u00a0&#8211;\u00a0 \u00a0Intern\u00ed auditor syst\u00e9m\u016f kvality a bezpe\u010dnosti potravin<\/li>\n<li>25.9.2024\u00a0 \u00a0&#8211;\u00a0 \u00a0Udr\u017eov\u00e1n\u00ed syst\u00e9mu HACCP<\/li>\n<\/ul>\n\n\n<div class=\"wp-block-image\"><figure class=\"alignleft is-resized\"><img loading=\"lazy\" src=\"https:\/\/www.kvalitasedlcany.cz\/wp-content\/uploads\/2019\/09\/Osv\u011bd\u010den\u00ed_HACCP_Povltavsk\u00e9_052018_chrom\u00e1-1024x724.jpg\" alt=\"\" class=\"wp-image-831\" width=\"447\" height=\"316\" srcset=\"https:\/\/www.kvalitasedlcany.cz\/wp-content\/uploads\/2019\/09\/Osv\u011bd\u010den\u00ed_HACCP_Povltavsk\u00e9_052018_chrom\u00e1-1024x724.jpg 1024w, https:\/\/www.kvalitasedlcany.cz\/wp-content\/uploads\/2019\/09\/Osv\u011bd\u010den\u00ed_HACCP_Povltavsk\u00e9_052018_chrom\u00e1-300x212.jpg 300w, https:\/\/www.kvalitasedlcany.cz\/wp-content\/uploads\/2019\/09\/Osv\u011bd\u010den\u00ed_HACCP_Povltavsk\u00e9_052018_chrom\u00e1-768x543.jpg 768w, https:\/\/www.kvalitasedlcany.cz\/wp-content\/uploads\/2019\/09\/Osv\u011bd\u010den\u00ed_HACCP_Povltavsk\u00e9_052018_chrom\u00e1-600x424.jpg 600w\" sizes=\"(max-width: 447px) 100vw, 447px\" \/><\/figure><\/div>\n\n\n\n<div class=\"wp-block-image\"><figure class=\"alignleft is-resized\"><img loading=\"lazy\" src=\"https:\/\/www.kvalitasedlcany.cz\/wp-content\/uploads\/2019\/07\/image-1024x724.png\" alt=\"\" class=\"wp-image-525\" width=\"449\" height=\"316\"\/><\/figure><\/div>\n\n\n\n<p><\/p>\n\n\n\n<p><\/p>\n\n\n\n<p><\/p>\n\n\n\n<p><\/p>\n\n\n\n<p><\/p>\n\n\n\n<div class=\"wp-block-image\"><figure class=\"alignleft size-large is-resized\"><img loading=\"lazy\" src=\"https:\/\/www.kvalitasedlcany.cz\/wp-content\/uploads\/2026\/02\/image-1024x751.png\" alt=\"\" class=\"wp-image-960\" width=\"438\" height=\"322\" srcset=\"https:\/\/www.kvalitasedlcany.cz\/wp-content\/uploads\/2026\/02\/image-1024x751.png 1024w, https:\/\/www.kvalitasedlcany.cz\/wp-content\/uploads\/2026\/02\/image-300x220.png 300w, https:\/\/www.kvalitasedlcany.cz\/wp-content\/uploads\/2026\/02\/image-768x563.png 768w, https:\/\/www.kvalitasedlcany.cz\/wp-content\/uploads\/2026\/02\/image-600x440.png 600w, https:\/\/www.kvalitasedlcany.cz\/wp-content\/uploads\/2026\/02\/image.png 1071w\" sizes=\"(max-width: 438px) 100vw, 438px\" \/><\/figure><\/div>\n\n\n\n<div class=\"wp-block-image\"><figure class=\"alignleft size-large is-resized\"><img loading=\"lazy\" src=\"https:\/\/www.kvalitasedlcany.cz\/wp-content\/uploads\/2026\/02\/image-1-1024x747.png\" alt=\"\" class=\"wp-image-961\" width=\"447\" height=\"326\" srcset=\"https:\/\/www.kvalitasedlcany.cz\/wp-content\/uploads\/2026\/02\/image-1-1024x747.png 1024w, https:\/\/www.kvalitasedlcany.cz\/wp-content\/uploads\/2026\/02\/image-1-300x219.png 300w, https:\/\/www.kvalitasedlcany.cz\/wp-content\/uploads\/2026\/02\/image-1-768x560.png 768w, https:\/\/www.kvalitasedlcany.cz\/wp-content\/uploads\/2026\/02\/image-1-600x438.png 600w, https:\/\/www.kvalitasedlcany.cz\/wp-content\/uploads\/2026\/02\/image-1.png 1072w\" sizes=\"(max-width: 447px) 100vw, 447px\" \/><\/figure><\/div>\n\n\n\n<p><\/p>\n\n\n\n<p><\/p>\n\n\n\n<p><\/p>\n\n\n\n<p><\/p>\n","protected":false},"excerpt":{"rendered":"<p>Odborn\u00e9 znalosti: ISO 22000, IFS a obrana potravin, HACCP, legislativn\u00ed po\u017eadavky na potravin\u00e1\u0159sk\u00e9 provozy, kvalitu pitn\u00e9 vody, intern\u00ed audity, mikrobiologick\u00e9 a fyzik\u00e1ln\u011b chemick\u00e9 anal\u00fdzy potravin a vody&#8230; Dal\u0161\u00ed: Word, Excel, PowerPoint na expertn\u00ed \u00farovni. Samoz\u0159ejmost\u00ed je pr\u00e1ce s internetem a<\/p>\n","protected":false},"author":1,"featured_media":0,"parent":0,"menu_order":0,"comment_status":"open","ping_status":"closed","template":"","meta":[],"_links":{"self":[{"href":"https:\/\/www.kvalitasedlcany.cz\/index.php?rest_route=\/wp\/v2\/pages\/430"}],"collection":[{"href":"https:\/\/www.kvalitasedlcany.cz\/index.php?rest_route=\/wp\/v2\/pages"}],"about":[{"href":"https:\/\/www.kvalitasedlcany.cz\/index.php?rest_route=\/wp\/v2\/types\/page"}],"author":[{"embeddable":true,"href":"https:\/\/www.kvalitasedlcany.cz\/index.php?rest_route=\/wp\/v2\/users\/1"}],"replies":[{"embeddable":true,"href":"https:\/\/www.kvalitasedlcany.cz\/index.php?rest_route=%2Fwp%2Fv2%2Fcomments&post=430"}],"version-history":[{"count":25,"href":"https:\/\/www.kvalitasedlcany.cz\/index.php?rest_route=\/wp\/v2\/pages\/430\/revisions"}],"predecessor-version":[{"id":967,"href":"https:\/\/www.kvalitasedlcany.cz\/index.php?rest_route=\/wp\/v2\/pages\/430\/revisions\/967"}],"wp:attachment":[{"href":"https:\/\/www.kvalitasedlcany.cz\/index.php?rest_route=%2Fwp%2Fv2%2Fmedia&parent=430"}],"curies":[{"name":"wp","href":"https:\/\/api.w.org\/{rel}","templated":true}]}}